{"id":10,"date":"2026-05-14T17:31:53","date_gmt":"2026-05-14T17:31:53","guid":{"rendered":"https:\/\/www.rosielewski.art\/?page_id=10"},"modified":"2026-05-14T19:07:32","modified_gmt":"2026-05-14T19:07:32","slug":"rosielewski-art","status":"publish","type":"page","link":"https:\/\/www.rosielewski.art\/","title":{"rendered":"rosielewski.art"},"content":{"rendered":"\n<pre class=\"wp-block-code has-medium-font-size\"><code>FOTOGRAFIA WN\u0118TRZ &amp; ARCHITEKTURY\n\nPAKIET OLX\n\nNajwa\u017cniejsze kadry,\nkt\u00f3re buduj\u0105 pierwsze wra\u017cenie.\n\nszerokie kadry\nnaturalne proporcje\nwn\u0119trza i budynek\n\u015bwiat\u0142o i przestrze\u0144\nsp\u00f3jna prezentacja\n\n\u2014\n8 zdj\u0119\u0107\n400 z\u0142<\/code><\/pre>\n\n\n\n<pre class=\"wp-block-code has-medium-font-size\"><code>hello<\/code><\/pre>\n\n\n\n<pre class=\"wp-block-code has-medium-font-size\"><code>hello<\/code><\/pre>\n\n\n\n<div class=\"wp-block-media-text is-stacked-on-mobile has-small-font-size\" style=\"border-width:2px;margin-top:var(--wp--preset--spacing--60);margin-right:0;margin-bottom:var(--wp--preset--spacing--60);margin-left:0;padding-top:0;padding-right:0;padding-bottom:0;padding-left:0\"><figure class=\"wp-block-media-text__media\"><img loading=\"lazy\" decoding=\"async\" width=\"664\" height=\"664\" src=\"https:\/\/www.rosielewski.art\/wp-content\/uploads\/2026\/05\/5.jpg\" alt=\"\u0141ukasz Rosielewski, fotograf\" class=\"wp-image-33 size-full\" srcset=\"https:\/\/www.rosielewski.art\/wp-content\/uploads\/2026\/05\/5.jpg 664w, https:\/\/www.rosielewski.art\/wp-content\/uploads\/2026\/05\/5-300x300.jpg 300w, https:\/\/www.rosielewski.art\/wp-content\/uploads\/2026\/05\/5-150x150.jpg 150w\" sizes=\"auto, (max-width: 664px) 100vw, 664px\" \/><\/figure><div class=\"wp-block-media-text__content\">\n<p class=\"has-medium-font-size\">Cze\u015b\u0107.<br>Fotografia to moja pasja.<br>Moje zdj\u0119cia nie s\u0105 dzie\u0142em przypadku. Fotografuj\u0119 z pasj\u0105, kt\u00f3ra rodzi profesjonalizm, a profesjonalizm daje jako\u015b\u0107.<\/p>\n<\/div><\/div>\n\n\n\n<p><\/p>\n","protected":false},"excerpt":{"rendered":"<p>Cze\u015b\u0107.Fotografia to moja pasja.Moje zdj\u0119cia nie s\u0105 dzie\u0142em przypadku. Fotografuj\u0119 z pasj\u0105, kt\u00f3ra rodzi profesjonalizm, a profesjonalizm daje jako\u015b\u0107.<\/p>\n","protected":false},"author":1,"featured_media":0,"parent":0,"menu_order":0,"comment_status":"closed","ping_status":"closed","template":"","meta":{"footnotes":""},"class_list":["post-10","page","type-page","status-publish","hentry"],"_links":{"self":[{"href":"https:\/\/www.rosielewski.art\/index.php?rest_route=\/wp\/v2\/pages\/10","targetHints":{"allow":["GET"]}}],"collection":[{"href":"https:\/\/www.rosielewski.art\/index.php?rest_route=\/wp\/v2\/pages"}],"about":[{"href":"https:\/\/www.rosielewski.art\/index.php?rest_route=\/wp\/v2\/types\/page"}],"author":[{"embeddable":true,"href":"https:\/\/www.rosielewski.art\/index.php?rest_route=\/wp\/v2\/users\/1"}],"replies":[{"embeddable":true,"href":"https:\/\/www.rosielewski.art\/index.php?rest_route=%2Fwp%2Fv2%2Fcomments&post=10"}],"version-history":[{"count":9,"href":"https:\/\/www.rosielewski.art\/index.php?rest_route=\/wp\/v2\/pages\/10\/revisions"}],"predecessor-version":[{"id":41,"href":"https:\/\/www.rosielewski.art\/index.php?rest_route=\/wp\/v2\/pages\/10\/revisions\/41"}],"wp:attachment":[{"href":"https:\/\/www.rosielewski.art\/index.php?rest_route=%2Fwp%2Fv2%2Fmedia&parent=10"}],"curies":[{"name":"wp","href":"https:\/\/api.w.org\/{rel}","templated":true}]}}